{"id":159,"date":"2025-03-14T01:25:55","date_gmt":"2025-03-14T01:25:55","guid":{"rendered":"https:\/\/nidokangurito.com\/?page_id=159"},"modified":"2025-03-14T01:28:57","modified_gmt":"2025-03-14T01:28:57","slug":"libro-de-reclamaciones","status":"publish","type":"page","link":"https:\/\/nidokangurito.com\/index.php\/libro-de-reclamaciones\/","title":{"rendered":"Libro de reclamaciones"},"content":{"rendered":"\t\t<div data-elementor-type=\"wp-page\" data-elementor-id=\"159\" class=\"elementor elementor-159\" data-elementor-post-type=\"page\">\n\t\t\t\t\t\t<section class=\"elementor-section elementor-top-section elementor-element elementor-element-f696a4b elementor-section-boxed elementor-section-height-default elementor-section-height-default\" data-id=\"f696a4b\" data-element_type=\"section\">\n\t\t\t\t\t\t<div class=\"elementor-container elementor-column-gap-default\">\n\t\t\t\t\t<div class=\"elementor-column elementor-col-100 elementor-top-column elementor-element elementor-element-a212f98\" data-id=\"a212f98\" data-element_type=\"column\" data-settings=\"{&quot;background_background&quot;:&quot;classic&quot;}\">\n\t\t\t<div class=\"elementor-widget-wrap elementor-element-populated\">\n\t\t\t\t\t\t<div class=\"elementor-element elementor-element-ee44174 elementor-widget elementor-widget-text-editor\" data-id=\"ee44174\" data-element_type=\"widget\" data-widget_type=\"text-editor.default\">\n\t\t\t\t<div class=\"elementor-widget-container\">\n\t\t\t<style>\/*! elementor - v3.19.0 - 07-02-2024 *\/\n.elementor-widget-text-editor.elementor-drop-cap-view-stacked .elementor-drop-cap{background-color:#69727d;color:#fff}.elementor-widget-text-editor.elementor-drop-cap-view-framed .elementor-drop-cap{color:#69727d;border:3px solid;background-color:transparent}.elementor-widget-text-editor:not(.elementor-drop-cap-view-default) .elementor-drop-cap{margin-top:8px}.elementor-widget-text-editor:not(.elementor-drop-cap-view-default) .elementor-drop-cap-letter{width:1em;height:1em}.elementor-widget-text-editor .elementor-drop-cap{float:left;text-align:center;line-height:1;font-size:50px}.elementor-widget-text-editor .elementor-drop-cap-letter{display:inline-block}<\/style>\t\t\t\t\n        <div class=\"wrapper claim-wong center\">\n            <div class=\"content\">\n        <section class = \"libro-content\"><form id=\"rt_form_libro\" action=\"\" method=\"post\">\n        <div id=\"responsive-form\" class=\"clearfix\">\n            <div class=\"form-row-libro\">\n                <div class=\"column-full\">\n                <h2>Identificaci\u00f3n de la Empresa<\/h2>\n                <p>Razon social: CEIGNE KANGURITO<br>\n                RUC: 20154523317<br>\n                Direcci\u00f3n: Calle Carlos Concha 180 San Isidro<\/p>\n                <h2 class=\"title\">Identificaci\u00f3n del consumidor reclamante \n                <b class=\"alert\" style=\"font-size: 10px\">* Datos requeridos<\/b><\/h2> <\/div>\n            <\/div>\n            <div class=\"form-row-libro\">\n                <div class=\"column-half\">Nombre <b class=\"alert\">*<\/b>\n                    <input type=\"text\" name=\"nombres\" value=\"\" size=\"40\" class=\"required\" placeholder=\"Nombre\" >\n                <\/div>\n                <div class=\"column-half\">Primer apellido <b class=\"alert\">*<\/b>\n                    <input type=\"text\" name=\"paterno\" value=\"\" size=\"40\" class=\"required\" placeholder=\"Primer apellido\" >\n                <\/div>\n                <div class=\"column-half\">Segundo apellido <b class=\"alert\">*<\/b>\n                    <input type=\"text\" name=\"materno\" value=\"\" size=\"40\" class=\"required\" placeholder=\"Segundo apellido\" >\n                <\/div>\n            <\/div>\n            <div class=\"form-row-libro\">\n                <div class=\"column-half\">Tipo de documentaci\u00f3n <b class=\"alert\">*<\/b>\n                    <select id=\"tipo_doc\" name=\"tipo_doc\" tabindex=\"-1\" aria-hidden=\"true\" class=\"required\" >\n                        <option value=\"\">Selecci\u00f3n de documentaci\u00f3n<\/option>\n                        <option value=\"1\">DNI<\/option>\n                        <option value=\"2\">CE<\/option>\n                        <option value=\"3\">Pasaporte<\/option>\n                        <option value=\"4\">RUC<\/option>\n                    <\/select>\n                <\/div>\n                <div class=\"column-half\">N\u00famero de documentaci\u00f3n <b class=\"alert\">*<\/b>\n                    <input type=\"text\" name=\"nro_doc\" value=\"\" size=\"40\" placeholder=\"N\u00famero de documentaci\u00f3n \" class=\"required\" >\n                <\/div>\n                <div class=\"column-half\">Celular <b class=\"alert\">*<\/b>\n                    <input type=\"text\" name=\"cel\" value=\"\" size=\"40\" placeholder=\"N\u00famero de documentaci\u00f3n\" class=\"required\" >\n                <\/div>\n            <\/div>\n            <div class=\"form-row-libro\">\n                <div class=\"column-half\">Departamento <b class=\"alert\">*<\/b>\n                    <select id=\"dep\" name=\"dep\" tabindex=\"-1\" aria-hidden=\"true\" class=\"required\" >\n                        <option value=\"\">Seleccionar departamento<\/option><option value=\"1\">AMAZONAS<\/option><option value=\"2\">ANCASH<\/option><option value=\"3\">APURIMAC<\/option><option value=\"4\">AREQUIPA<\/option><option value=\"5\">AYACUCHO<\/option><option value=\"6\">CAJAMARCA<\/option><option value=\"7\">CALLAO<\/option><option value=\"8\">CUSCO<\/option><option value=\"9\">HUANCAVELICA<\/option><option value=\"10\">HUANUCO<\/option><option value=\"11\">ICA<\/option><option value=\"12\">JUNIN<\/option><option value=\"13\">LA LIBERTAD<\/option><option value=\"14\">LAMBAYEQUE<\/option><option value=\"15\">LIMA<\/option><option value=\"16\">LORETO<\/option><option value=\"17\">MADRE DE DIOS<\/option><option value=\"18\">MOQUEGUA<\/option><option value=\"19\">PASCO<\/option><option value=\"20\">PIURA<\/option><option value=\"21\">PUNO<\/option><option value=\"22\">SAN MARTIN<\/option><option value=\"23\">TACNA<\/option><option value=\"24\">TUMBES<\/option><option value=\"25\">UCAYALI<\/option> <\/select>\n                <\/div>\n                <div class=\"column-half\">Provincia <b class=\"alert\">*<\/b>\n                    <select id=\"prov\" name=\"prov\" tabindex=\"-1\" aria-hidden=\"true\" class=\"required\">\n                        <option value=\"\">Seleccionar de provincia<\/option>\n                    <\/select>\n                <\/div>\n                <div class=\"column-half\"> Distrito <b class=\"alert\">*<\/b>\n                    <select id=\"dist\" name=\"dist\" tabindex=\"-1\" aria-hidden=\"true\" class=\"required\" >\n                        <option value=\"\">Seleccionar de distrito<\/option>\n                    <\/select>\n                <\/div>\n            <\/div>\n            <div class=\"form-row-libro\">\n                <div class=\"column-half\">Direcci\u00f3n <b class=\"alert\">*<\/b>\n                    <input type=\"text\" name=\"direccion\" value=\"\" size=\"40\" placeholder=\"Direcci\u00f3n\" class=\"required\" >\n                <\/div>\n                 <div class=\"column-half\">Referencia\n                    <input type=\"text\" name=\"referencia\" value=\"\" size=\"40\" id=\"referencia\" placeholder=\"Referencia\" >\n                <\/div>\n                 <div class=\"column-half\">Correo electr\u00f3nico <b class=\"alert\">*<\/b>\n                    <input type=\"text\" name=\"correo\" value=\"\" size=\"40\" placeholder=\"Correo electr\u00f3nico\"  class=\"required\">\n                <\/div>\n            <\/div>\n            <div class=\"form-row-libro\">\n            <div class=\"column-full\" style=\"text-align: center;\"><br><\/div>\n            <\/div>\n            <div class=\"form-row-libro\">\n                <div class=\"column-half\"> \u00bfEres menor de edad?\n                <\/div>\n                <div class=\"column-half\">Si\n                    <input type=\"radio\" id=\"si\" class=\"edad\" name=\"flag_menor\"  value=\"1\">\n                <\/div>\n                <div class=\"column-half\">No\n                    <input type=\"radio\" id=\"no\" class=\"edad\" name=\"flag_menor\" value=\"0\">\n                <\/div>\n            <\/div>\n            <div class=\"form-row-libro\" id=\"title_tutor\" style=\"display: none;\" >\n                <div class=\"column-full\" style=\"text-align: center;\"><h2 class=\"title\">Padre \/ Madre \/ Tutor<\/h2> <\/div>\n            <\/div>\n            <div class=\"form-row-libro\" id=\"datos_tutor\" style=\"display: none;\" >\n                <div class=\"column-two\">Nombre \n                    <input type=\"text\" name=\"nombre_tutor\" value=\"\" size=\"40\" placeholder=\"Nombre \" >\n                <\/div>\n                <div class=\"column-two\">Correo electr\u00f3nico \n                    <input type=\"text\" name=\"correo_tutor\" value=\"\" size=\"40\" placeholder=\"Correo electr\u00f3nico \" >\n                <\/div>\n            <\/div>\n            <div class=\"form-row-libro\" id=\"doc_tutor\" style=\"display: none;\" >\n                <div class=\"column-two\">Tipo de documentaci\u00f3n \n                    <select id=\"tipo_doc_tutor\" name=\"tipo_doc_tutor\" tabindex=\"-1\" aria-hidden=\"true\" >\n                        <option value=\"\">Selecci\u00f3n de documentaci\u00f3n<\/option>\n                        <option value=\"1\">DNI<\/option>\n                        <option value=\"2\">CE<\/option>\n                        <option value=\"3\">Pasaporte<\/option>\n                        <option value=\"4\">RUC<\/option>\n                    <\/select>\n                <\/div>\n                <div class=\"column-two\">N\u00famero de documento \n                    <input type=\"text\" name=\"nro_doc_tutor\" value=\"\" size=\"40\" placeholder=\"N\u00famero de documento\" >\n                <\/div>\n            <\/div>\n            <div class=\"form-row-libro\">\n            <div class=\"column-full\" style=\"text-align: center;\"><br><\/div>\n            <\/div>\n            <div class=\"form-row-libro\">\n                <div class=\"column-full\"><h2 class=\"title\"> Detalle del reclamo y orden del consumidor <b class=\"alert\" style=\"font-size: 9px\">* Datos requeridos<\/b><\/h2><\/div>\n            <\/div>\n            <div class=\"form-row-libro\">\n                <div class=\"column-half\">Tipo de reclamo <b class=\"alert\">*<\/b>\n                    <select id=\"tipo_reclamo\" name=\"tipo_reclamo\" tabindex=\"-1\" aria-hidden=\"true\" class=\"required\">\n                        <option value=\"\">Tipo de reclamo<\/option>\n                        <option value=\"1\">Reclamaci\u00f3n (1)<\/option>\n                        <option value=\"2\">Queja(2)<\/option>\n                    <\/select>\n                <\/div>\n                <div class=\"column-half\">Tipo de consumo <b class=\"alert\">*<\/b>\n                    <select id=\"tipo_consumo\" name=\"tipo_consumo\" tabindex=\"-1\" aria-hidden=\"true\" class=\"required\">\n                        <option value=\"\">Tipo de consumo<\/option>\n                        <option value=\"1\">Producto<\/option>\n                        <option value=\"2\">Servicio<\/option>\n                    <\/select>\n                <\/div>\n                <!--<div class=\"column-half\">N \u00ba de pedido. <b class=\"alert\">*<\/b>\n                    <input type=\"text\" name=\"nro_pedido\" value=\"\" size=\"40\" placeholder=\"N\u00ba Pedido\" class=\"required\">\n                <\/div>-->\n            <\/div>\n            <div class=\"form-row-libro\">\n                <div class=\"column-half\">Fecha de reclamaci\u00f3n \/ queja\n                    <input type=\"text\" name=\"fch_reclamo\" value=\"20\/04\/2026\" size=\"40\" readonly>\n                <\/div>\n                <!--<div class=\"column-half\">Proveedor\n                    <input type=\"text\" name=\"proveedor\" value=\"\" size=\"40\" placeholder=\"Proveedor\" >\n                <\/div>-->\n                <div class=\"column-half\">Monto reclamado (S\/.) \n                    <input type=\"text\" name=\"monto_reclamado\" value=\"\" size=\"40\" placeholder=\"Monto reclamado\" >\n                <\/div>\n            <\/div>\n            <div class=\"form-row-libro\">\n                <div class=\"column-full\" style=\"text-align: center;\">\n                    Descripci\u00f3n del producto o servicio <b class=\"alert\">*<\/b>\n                    <textarea name=\"descripcion\" class=\"required\"><\/textarea>\n                <\/div>\n            <\/div>\n            <div class=\"form-row-libro\">\n                <div class=\"column-half\">Fecha de Matr\u00edcula\n                    <input type=\"date\" name=\"fch_compra\" value=\"\" size=\"40\" placeholder=\"00\/00\/0000\" >\n                <\/div>\n                <div class=\"column-half\">Fecha de incidente\n                    <input type=\"date\" name=\"fch_consumo\" value=\"\" size=\"40\" placeholder=\"00\/00\/0000\" >\n                <\/div>\n                <!--<div class=\"column-half\">Fecha de caducidad\n                    <input type=\"date\" name=\"fch_vencimiento\" value=\"\" size=\"40\" placeholder=\"00\/00\/0000\" >\n                <\/div>-->\n            <\/div>\n            <div class=\"form-row-libro\">\n                <div class=\"column-full\" style=\"text-align: center;\">\n                   Detalle de la Reclamaci\u00f3n \/ Queja, seg\u00fan lo indicado por el cliente: <b class=\"alert\">*<\/b>\n                    <textarea name=\"detalle_reclamo\" class=\"required\" ><\/textarea>\n                <\/div>\n            <\/div>\n            <div class=\"form-row-libro\">\n                <div class=\"column-full\" style=\"text-align: center;\">\n                    Pedido del Cliente: <b class=\"alert\">*<\/b>\n                    <textarea name=\"pedido_cliente\"  class=\"required\"><\/textarea>\n                <\/div>\n            <\/div>\n            <div class=\"form-row-libro\">\n                <div class=\"column-full\" style=\"\">\n                   <b class=\"alert\">(1)<\/b>  <strong style=\"color:#333333\">Reclamaci\u00f3n:<strong><i style=\"color:#7d7d7d\"> Desacuerdo relacionado con productos y \/ o servicios.<\/i><br>\n                   <b class=\"alert\">(2)<\/b>  <strong style=\"color:#333333\">Queja:<strong><i style=\"color:#7d7d7d\">Desacuerdo no relacionado con productos y \/ o servicios; o, malestar o insatisfacci\u00f3n con la atenci\u00f3n al p\u00fablico. <\/i><br>\n                <\/div>\n            <\/div>\n            <div class=\"form-row-libro\">\n                <div class=\"column-two\">\n                <input type=\"checkbox\" name=\"acepto\" value=\"1\">\n                    Declaro que soy el due\u00f1o del servicio y acepto el contenido de este formulario al declarar bajo Declaraci\u00f3n Jurada la veracidad de los hechos descritos.\n                <\/div>\n                <div class=\"column-two\" style=\"font-size:10px\">\n                <b class=\"alert\">*<\/b> La formulaci\u00f3n del reclamo no excluye el recurso a otros medios de resoluci\u00f3n de controversias ni es un requisito previo para presentar una denuncia ante el Indecopi. <br>\n                <b class=\"alert\">*<\/b> El proveedor deber\u00e1 responder el reclamo en un plazo no mayor de quince (15) d\u00edas h\u00e1biles, pudiendo extenderse el plazo hasta quince d\u00edas.<br>\n                <b class=\"alert\">*<\/b> Con la firma de este documento, el cliente autoriza a ser contactado despu\u00e9s de la tramitaci\u00f3n de la reclamaci\u00f3n para evaluar la calidad y satisfacci\u00f3n del proceso de atenci\u00f3n de reclamaciones. \n                <\/div>\n            <\/div>\n            <div class=\"form-row-libro\">\n                <div class=\"column-full\">\n                    <input type=\"checkbox\" name=\"politica\" value=\"1\">\n                    <a href=\"#\" target=\"_black\">He le\u00eddo y acepto la Pol\u00edtica de privacidad y seguridad y la Pol\u00edtica de cookies.<\/a>\n                <\/div>\n            <\/div>\n            <div class=\"form-row-libro\">\n                <div class=\"column-full\" style=\"text-align: center;\">\n                    <input type=\"submit\" id=\"guardar_libro_reclamacion\" name=\"guardar_libro_reclamacion\" value=\"Enviar\">\n                <\/div>\n            <\/div>\n        <\/div>\n    <\/form><\/section><\/div><\/div>\t\t\t\t\t\t<\/div>\n\t\t\t\t<\/div>\n\t\t\t\t\t<\/div>\n\t\t<\/div>\n\t\t\t\t\t<\/div>\n\t\t<\/section>\n\t\t\t\t<\/div>\n\t\t","protected":false},"excerpt":{"rendered":"","protected":false},"author":1,"featured_media":0,"parent":0,"menu_order":0,"comment_status":"closed","ping_status":"closed","template":"","meta":{"footnotes":""},"_links":{"self":[{"href":"https:\/\/nidokangurito.com\/index.php\/wp-json\/wp\/v2\/pages\/159"}],"collection":[{"href":"https:\/\/nidokangurito.com\/index.php\/wp-json\/wp\/v2\/pages"}],"about":[{"href":"https:\/\/nidokangurito.com\/index.php\/wp-json\/wp\/v2\/types\/page"}],"author":[{"embeddable":true,"href":"https:\/\/nidokangurito.com\/index.php\/wp-json\/wp\/v2\/users\/1"}],"replies":[{"embeddable":true,"href":"https:\/\/nidokangurito.com\/index.php\/wp-json\/wp\/v2\/comments?post=159"}],"version-history":[{"count":13,"href":"https:\/\/nidokangurito.com\/index.php\/wp-json\/wp\/v2\/pages\/159\/revisions"}],"predecessor-version":[{"id":172,"href":"https:\/\/nidokangurito.com\/index.php\/wp-json\/wp\/v2\/pages\/159\/revisions\/172"}],"wp:attachment":[{"href":"https:\/\/nidokangurito.com\/index.php\/wp-json\/wp\/v2\/media?parent=159"}],"curies":[{"name":"wp","href":"https:\/\/api.w.org\/{rel}","templated":true}]}}